{"id":90,"date":"2023-09-29T15:57:09","date_gmt":"2023-09-29T15:57:09","guid":{"rendered":"https:\/\/trauerreden-oderland.de\/index.php\/generated-homepage\/"},"modified":"2025-09-26T17:25:24","modified_gmt":"2025-09-26T17:25:24","slug":"home","status":"publish","type":"page","link":"https:\/\/trauerreden-oderland.de\/","title":{"rendered":"Home"},"content":{"rendered":"<h1 style=\"\" _msttexthash=\"480558\" _msthash=\"6399\">TrauerredenimOderland<\/h1>\n<h5 style=\"text-align: left;\">Ich bin f\u00fcr Sie da, wenn Sie tr\u00f6stende und ber\u00fchrende Worte der Liebe, der Trauer und der Hoffnung brauchen &#8211; Worte f\u00fcr all das, was in Ihren Herzen schwingt.<\/h5>\n<h5 style=\"text-align: left;\" _msttexthash=\"6170268\" _msthash=\"6401\">Ich bin f\u00fcr Sie da, wenn Sie sich Musik w\u00fcnschen, die Ihr Herzensmensch liebte und&nbsp;die Ihnen Trost spendet.<\/h5>\n<h5 style=\"\" _msttexthash=\"13367159\" _msthash=\"6402\">Ich bin Anja Liske-Moritz. Mit meinen Talenten und mit Hingabe unterst\u00fctze ich Sie bei der Ausgestaltung einer w\u00fcrdevollen und ber\u00fchrenden Trauerfeier.<\/h5>\n<p><span><img decoding=\"async\" alt=\"\" data-id=\"104\" width=\"349\" data-init-width=\"1707\" height=\"523\" data-init-height=\"2560\" title=\"getty-images-eAfCQREfN_c-unsplash\" src=\"https:\/\/trauerreden-oderland.de\/wp-content\/uploads\/2023\/09\/getty-images-eAfCQREfN_c-unsplash-scaled.jpg\" data-width=\"349\" data-height=\"523\" style=\"aspect-ratio: auto 1707 \/ 2560;\" loading=\"lazy\"><\/span><span style=\"\"><img decoding=\"async\" alt=\"\" data-id=\"190\" width=\"391\" data-init-width=\"2560\" height=\"391\" data-init-height=\"2560\" title=\"btfhdr\" src=\"https:\/\/trauerreden-oderland.de\/wp-content\/uploads\/2023\/10\/IMG_20231003_001908-scaled.jpg\" data-width=\"391\" data-height=\"391\" style=\"aspect-ratio: auto 2560 \/ 2560;\" mt-m=\"-6.03000000000003\" ml-m=\"0\" loading=\"lazy\"><\/span><\/p>\n<p _msttexthash=\"340158\" _msthash=\"6405\">Ich bin f\u00fcr sie da in<\/p>\n<h1 style=\"\" _msttexthash=\"475046\" _msthash=\"6406\">MOL, LOS &amp; Frankfurt (Oder)<\/h1>\n<p><span><img decoding=\"async\" alt=\"\" data-id=\"219\" width=\"119\" data-init-width=\"119\" height=\"229\" data-init-height=\"229\" title=\"Bookwise_feather01\" src=\"\/\/trauerreden-oderland.de\/wp-content\/uploads\/tcb_content_templates\/images\/Bookwise_feather01.png\" data-width=\"119\" data-height=\"229\" style=\"aspect-ratio: auto 119 \/ 229;\" loading=\"lazy\"><\/span><\/p>\n<p style=\"\" _msttexthash=\"615797\" _msthash=\"6409\">Mehr \u00fcber meine Leistungen <span style=\"--tcb-applied-color: rgb(212, 70, 93) !important; color: rgb(212, 70, 93) !important;\">I<\/span><\/p>\n<h2 style=\"\"><strong _msttexthash=\"226044\" _msthash=\"6410\">&nbsp;Die Trauerrede<\/strong><\/h2>\n<p><span><img decoding=\"async\" alt=\"\" data-id=\"156\" width=\"350\" data-init-width=\"1707\" height=\"525\" data-init-height=\"2560\" title=\"george-pach-G5bGKm61wgo-unsplash\" src=\"https:\/\/trauerreden-oderland.de\/wp-content\/uploads\/2023\/09\/george-pach-G5bGKm61wgo-unsplash-scaled.jpg\" data-width=\"350\" data-height=\"525\" style=\"aspect-ratio: auto 1707 \/ 2560;\" loading=\"lazy\"><\/span><span style=\"\"><img decoding=\"async\" alt=\"\" data-id=\"156\" width=\"800\" data-init-width=\"1707\" height=\"1200\" data-init-height=\"2560\" title=\"george-pach-G5bGKm61wgo-unsplash\" src=\"https:\/\/trauerreden-oderland.de\/wp-content\/uploads\/2023\/09\/george-pach-G5bGKm61wgo-unsplash-scaled.jpg\" data-width=\"800\" data-height=\"1200\" style=\"aspect-ratio: auto 1707 \/ 2560;\" mt-d=\"-202\" ml-d=\"0\" center-v-d=\"false\" loading=\"lazy\"><\/span><span style=\"\"><img decoding=\"async\" alt=\"\" data-id=\"166\" width=\"223\" data-init-width=\"2560\" height=\"149\" data-init-height=\"1707\" title=\"andrik-langfield-ITQVgbjG-q4-unsplash\" src=\"https:\/\/trauerreden-oderland.de\/wp-content\/uploads\/2023\/10\/andrik-langfield-ITQVgbjG-q4-unsplash-scaled.jpg\" data-width=\"223\" data-height=\"149\" style=\"aspect-ratio: auto 2560 \/ 1707;\" ml-d=\"-8.37299999999999\" mt-d=\"0\" loading=\"lazy\"><\/span><span style=\"\"><img decoding=\"async\" alt=\"\" data-id=\"194\" width=\"214\" data-init-width=\"2560\" height=\"143\" data-init-height=\"1709\" title=\"bruno-cervera-dtqlaz4HyHw-unsplash\" src=\"https:\/\/trauerreden-oderland.de\/wp-content\/uploads\/2023\/10\/bruno-cervera-dtqlaz4HyHw-unsplash-scaled.jpg\" data-width=\"214\" data-height=\"143\" style=\"aspect-ratio: auto 2560 \/ 1709;\" ml-d=\"-18.419999999999987\" mt-d=\"0\" loading=\"lazy\"><\/span><\/p>\n<p style=\"color: rgb(164, 128, 0) !important; --tcb-applied-color: rgb(164, 128, 0) !important;\" _msttexthash=\"613184\" _msthash=\"6419\">MEHR \u00dcBER meine Leistungen <span style=\"--tcb-applied-color: rgb(212, 70, 93) !important; color: rgb(212, 70, 93) !important;\">II<\/span><\/p>\n<h2 style=\"\"><strong _msttexthash=\"260858\" _msthash=\"6420\">&nbsp;Die Trauermusik<\/strong><\/h2>\n<p><span><img decoding=\"async\" alt=\"\" data-id=\"219\" width=\"119\" data-init-width=\"119\" height=\"229\" data-init-height=\"229\" title=\"Bookwise_feather01\" src=\"\/\/trauerreden-oderland.de\/wp-content\/uploads\/tcb_lp_templates\/templates\/css\/images\/Bookwise_feather01.png\" data-width=\"119\" data-height=\"229\" style=\"aspect-ratio: auto 119 \/ 229;\" loading=\"lazy\"><\/span><\/p>\n<h4 style=\"\" _msttexthash=\"395759\" _msthash=\"6430\">Wenn Du an mich denkst,<\/h4>\n<h4 style=\"\" _msttexthash=\"656383\" _msthash=\"6431\">so erinnere Dich an die Stunde,&nbsp;<\/h4>\n<h4 style=\"\" _msttexthash=\"1020838\" _msthash=\"6432\">in welcher Du mich am liebsten hattest.<\/h4>\n<p style=\"text-align: center;\" _msttexthash=\"303836\" _msthash=\"6433\">Rainer Maria Rilke<\/p>\n<h5 style=\"\" _msttexthash=\"1729520\" _msthash=\"6434\">Wenn Sie gern &nbsp;von mir unterst\u00fctzt werden m\u00f6chten,<\/h5>\n<h6><span style=\"font-size: 26px !important;\" _msttexthash=\"964821\" _msthash=\"6435\">&#8230; dann rufen Sie mich an unter <\/span><\/h6>\n<h6><span _msthash=\"6435\" _msttexthash=\"964821\" style=\"font-size: 26px !important;\">0177 3521838&nbsp;<\/span><\/h6>\n<h6><span style=\"font-size: 26px !important;\" _msttexthash=\"814047\" _msthash=\"6436\">oder schreiben Sie mir eine Mail an&nbsp;<\/span><\/h6>\n<h6 _msttexthash=\"939380\" _msthash=\"6437\"><span style=\"font-size: 26px !important;\">anja.liske.moritz@<\/span><span style=\"font-size: 26px !important;\">googlemail.com<\/span><\/h6>\n<\/p>\n<p _msttexthash=\"780364\" _msthash=\"6438\">Herzlich, Ihre Anja Liske-Moritz<\/p>\n","protected":false},"excerpt":{"rendered":"<p>TrauerredenimOderland Ich bin f\u00fcr Sie da, wenn Sie tr\u00f6stende und ber\u00fchrende Worte der Liebe, der Trauer und der Hoffnung brauchen &#8211; Worte f\u00fcr all das, was in Ihren Herzen schwingt. Ich bin f\u00fcr Sie da, wenn Sie sich Musik w\u00fcnschen, die Ihr Herzensmensch liebte und&nbsp;die Ihnen Trost spendet. Ich bin Anja Liske-Moritz. Mit meinen Talenten [&hellip;]<\/p>\n","protected":false},"author":1,"featured_media":0,"parent":0,"menu_order":0,"comment_status":"closed","ping_status":"closed","template":"","meta":{"footnotes":""},"class_list":["post-90","page","type-page","status-publish","hentry","post-wrapper","thrv_wrapper"],"_links":{"self":[{"href":"https:\/\/trauerreden-oderland.de\/index.php\/wp-json\/wp\/v2\/pages\/90","targetHints":{"allow":["GET"]}}],"collection":[{"href":"https:\/\/trauerreden-oderland.de\/index.php\/wp-json\/wp\/v2\/pages"}],"about":[{"href":"https:\/\/trauerreden-oderland.de\/index.php\/wp-json\/wp\/v2\/types\/page"}],"author":[{"embeddable":true,"href":"https:\/\/trauerreden-oderland.de\/index.php\/wp-json\/wp\/v2\/users\/1"}],"replies":[{"embeddable":true,"href":"https:\/\/trauerreden-oderland.de\/index.php\/wp-json\/wp\/v2\/comments?post=90"}],"version-history":[{"count":103,"href":"https:\/\/trauerreden-oderland.de\/index.php\/wp-json\/wp\/v2\/pages\/90\/revisions"}],"predecessor-version":[{"id":288,"href":"https:\/\/trauerreden-oderland.de\/index.php\/wp-json\/wp\/v2\/pages\/90\/revisions\/288"}],"wp:attachment":[{"href":"https:\/\/trauerreden-oderland.de\/index.php\/wp-json\/wp\/v2\/media?parent=90"}],"curies":[{"name":"wp","href":"https:\/\/api.w.org\/{rel}","templated":true}]}}